{"id":940,"date":"2023-05-16T09:29:31","date_gmt":"2023-05-16T09:29:31","guid":{"rendered":"https:\/\/wonderful-jepsen.95-174-9-183.plesk.page\/?page_id=940"},"modified":"2023-05-16T09:31:27","modified_gmt":"2023-05-16T09:31:27","slug":"privacy-policy","status":"publish","type":"page","link":"https:\/\/alitrans.biz\/en\/privacy-policy\/","title":{"rendered":"privacy"},"content":{"rendered":"<div class=\"vc_row wpb_row vc_row-fluid\"><div class=\"wpb_column vc_column_container vc_col-sm-12\"><div class=\"vc_column-inner\"><div class=\"wpb_wrapper\"><h3 style=\"color: #000000;text-align: left\" class=\"vc_custom_heading vc_custom_1684229430991\" >Informativa privacy ai sensi dell\u2019art. 13 del Regolamento Europeo 679\/2016<\/h3><div class=\"vc_separator wpb_content_element vc_separator_align_center vc_sep_width_10 vc_sep_border_width_3 vc_sep_pos_align_left vc_separator_no_text vc_custom_1475488772963  vc_custom_1475488772963\" ><span class=\"vc_sep_holder vc_sep_holder_l\"><span  style=\"border-color:#a0ce4e;\" class=\"vc_sep_line\"><\/span><\/span><span class=\"vc_sep_holder vc_sep_holder_r\"><span  style=\"border-color:#a0ce4e;\" class=\"vc_sep_line\"><\/span><\/span>\n<\/div>\n\t<div class=\"wpb_text_column wpb_content_element\" >\n\t\t<div class=\"wpb_wrapper\">\n\t\t\t<p>Ai sensi dell\u2019articolo 13 del Regolamento Europeo 679\/2016, La informiamo che l\u2019impresa titolare del sito, indicata in calce alla Home Page del sito medesimo, \u00e8 il titolare del trattamento (di seguito \u201cTitolare\u201d) nei limiti di quanto di seguito specificato.<br \/>\nI dati da Lei inseriti, quali i dati identificativi, indirizzi, numeri di telefono e indirizzo email, saranno trattati dal titolare del sito internet, nel rispetto dei principi di correttezza, liceit\u00e0 e trasparenza e di tutela della Sua riservatezza e dei Suoi diritti, con modalit\u00e0 elettroniche e in qualit\u00e0 di Titolare del trattamento, al solo fine di dare risposta alle Sue richieste e non verranno messi a disposizione di nessuno, n\u00e9 diffusi. I dati saranno conservati per il periodo strettamente necessario al perseguimento delle finalit\u00e0 suindicate. Il trattamento di tali dati \u00e8 necessario perch\u00e9 il titolare del sito internet possa evadere le Sue richieste.\u00a0In qualit\u00e0 di interessato del trattamento, Le \u00e8 garantito l\u2019esercizio dei diritti di cui dall\u2019art. 15 del Regolamento Europeo 679\/2016, tra i quali\u00a0il diritto ad ottenere dal titolare la conferma dell\u2019esistenza o meno di propri dati personali e che tali dati vengano messi a disposizione in forma intellegibile; di conoscere l\u2019origine dei dati nonch\u00e9 la logica e le finalit\u00e0 su cui si basa il trattamento; di ottenere la cancellazione, la trasformazione in forma anonima o il blocco dei dati trattati in violazione di legge nonch\u00e9 l\u2019aggiornamento, la rettifica o, se vi \u00e8 interesse, l\u2019integrazione dei dati; di opporsi, per motivi legittimi, al trattamento stesso. Il Regolamento Europeo riconosce, inoltre, all\u2019interessato il diritto di presentare un reclamo all\u2019autorit\u00e0 di controllo, il diritto di revocare il consenso in qualsiasi momento ed il diritto alla portabilit\u00e0 dei dati.<br \/>\nTali diritti potranno essere esercitati rivolgendosi in qualsiasi momento per iscritto al Titolare del trattamento, presso la sua sede indicata nel sito internet medesimo.<\/p>\n\n\t\t<\/div>\n\t<\/div>\n<\/div><\/div><\/div><\/div>","protected":false},"excerpt":{"rendered":"Informativa privacy ai sensi dell\u2019art. 13 del Regolamento Europeo 679\/2016 Ai sensi dell\u2019articolo 13 del Regolamento Europeo 679\/2016, La informiamo che l\u2019impresa titolare del sito, indicata in calce alla Home Page del sito medesimo, \u00e8 il titolare del trattamento (di seguito \u201cTitolare\u201d) nei limiti di quanto di seguito specificato. I dati da Lei inseriti, quali [...]","protected":false},"author":1,"featured_media":0,"parent":0,"menu_order":0,"comment_status":"closed","ping_status":"closed","template":"","meta":{"footnotes":""},"class_list":["post-940","page","type-page","status-publish","hentry"],"yoast_head":"<!-- This site is optimized with the Yoast SEO plugin v20.8 - https:\/\/yoast.com\/wordpress\/plugins\/seo\/ -->\n<title>privacy - Alitrans Logistic &amp; Warehousing<\/title>\n<meta name=\"robots\" content=\"index, follow, max-snippet:-1, max-image-preview:large, max-video-preview:-1\" \/>\n<link rel=\"canonical\" href=\"https:\/\/alitrans.biz\/en\/privacy-policy\/\" \/>\n<meta property=\"og:locale\" content=\"en_GB\" \/>\n<meta property=\"og:type\" content=\"article\" \/>\n<meta property=\"og:title\" content=\"privacy - Alitrans Logistic &amp; Warehousing\" \/>\n<meta property=\"og:url\" content=\"https:\/\/alitrans.biz\/en\/privacy-policy\/\" \/>\n<meta property=\"og:site_name\" content=\"Alitrans Logistic &amp; Warehousing\" \/>\n<meta property=\"article:modified_time\" content=\"2023-05-16T09:31:27+00:00\" \/>\n<meta name=\"twitter:card\" content=\"summary_large_image\" \/>\n<meta name=\"twitter:label1\" content=\"Estimated reading time\" \/>\n\t<meta name=\"twitter:data1\" content=\"2 minutes\" \/>\n<script type=\"application\/ld+json\" class=\"yoast-schema-graph\">{\"@context\":\"https:\/\/schema.org\",\"@graph\":[{\"@type\":\"WebPage\",\"@id\":\"https:\/\/alitrans.biz\/privacy-policy\/\",\"url\":\"https:\/\/alitrans.biz\/privacy-policy\/\",\"name\":\"privacy - Alitrans Logistic &amp; Warehousing\",\"isPartOf\":{\"@id\":\"https:\/\/alitrans.biz\/#website\"},\"datePublished\":\"2023-05-16T09:29:31+00:00\",\"dateModified\":\"2023-05-16T09:31:27+00:00\",\"breadcrumb\":{\"@id\":\"https:\/\/alitrans.biz\/privacy-policy\/#breadcrumb\"},\"inLanguage\":\"en-GB\",\"potentialAction\":[{\"@type\":\"ReadAction\",\"target\":[\"https:\/\/alitrans.biz\/privacy-policy\/\"]}]},{\"@type\":\"BreadcrumbList\",\"@id\":\"https:\/\/alitrans.biz\/privacy-policy\/#breadcrumb\",\"itemListElement\":[{\"@type\":\"ListItem\",\"position\":1,\"name\":\"Home\",\"item\":\"https:\/\/alitrans.biz\/\"},{\"@type\":\"ListItem\",\"position\":2,\"name\":\"privacy\"}]},{\"@type\":\"WebSite\",\"@id\":\"https:\/\/alitrans.biz\/#website\",\"url\":\"https:\/\/alitrans.biz\/\",\"name\":\"Alitrans Logistic &amp; Warehousing\",\"description\":\"Attivit\u00e0 di stoccaggio e gestione del magazzino nel settore petrolchimico\",\"potentialAction\":[{\"@type\":\"SearchAction\",\"target\":{\"@type\":\"EntryPoint\",\"urlTemplate\":\"https:\/\/alitrans.biz\/?s={search_term_string}\"},\"query-input\":\"required name=search_term_string\"}],\"inLanguage\":\"en-GB\"}]}<\/script>\n<!-- \/ Yoast SEO plugin. -->","yoast_head_json":{"title":"privacy - Alitrans Logistic &amp; Warehousing","robots":{"index":"index","follow":"follow","max-snippet":"max-snippet:-1","max-image-preview":"max-image-preview:large","max-video-preview":"max-video-preview:-1"},"canonical":"https:\/\/alitrans.biz\/en\/privacy-policy\/","og_locale":"en_GB","og_type":"article","og_title":"privacy - Alitrans Logistic &amp; Warehousing","og_url":"https:\/\/alitrans.biz\/en\/privacy-policy\/","og_site_name":"Alitrans Logistic &amp; Warehousing","article_modified_time":"2023-05-16T09:31:27+00:00","twitter_card":"summary_large_image","twitter_misc":{"Estimated reading time":"2 minutes"},"schema":{"@context":"https:\/\/schema.org","@graph":[{"@type":"WebPage","@id":"https:\/\/alitrans.biz\/privacy-policy\/","url":"https:\/\/alitrans.biz\/privacy-policy\/","name":"privacy - Alitrans Logistic &amp; Warehousing","isPartOf":{"@id":"https:\/\/alitrans.biz\/#website"},"datePublished":"2023-05-16T09:29:31+00:00","dateModified":"2023-05-16T09:31:27+00:00","breadcrumb":{"@id":"https:\/\/alitrans.biz\/privacy-policy\/#breadcrumb"},"inLanguage":"en-GB","potentialAction":[{"@type":"ReadAction","target":["https:\/\/alitrans.biz\/privacy-policy\/"]}]},{"@type":"BreadcrumbList","@id":"https:\/\/alitrans.biz\/privacy-policy\/#breadcrumb","itemListElement":[{"@type":"ListItem","position":1,"name":"Home","item":"https:\/\/alitrans.biz\/"},{"@type":"ListItem","position":2,"name":"privacy"}]},{"@type":"WebSite","@id":"https:\/\/alitrans.biz\/#website","url":"https:\/\/alitrans.biz\/","name":"Alitrans Logistic &amp; Warehousing","description":"Attivit\u00e0 di stoccaggio e gestione del magazzino nel settore petrolchimico","potentialAction":[{"@type":"SearchAction","target":{"@type":"EntryPoint","urlTemplate":"https:\/\/alitrans.biz\/?s={search_term_string}"},"query-input":"required name=search_term_string"}],"inLanguage":"en-GB"}]}},"_links":{"self":[{"href":"https:\/\/alitrans.biz\/en\/wp-json\/wp\/v2\/pages\/940"}],"collection":[{"href":"https:\/\/alitrans.biz\/en\/wp-json\/wp\/v2\/pages"}],"about":[{"href":"https:\/\/alitrans.biz\/en\/wp-json\/wp\/v2\/types\/page"}],"author":[{"embeddable":true,"href":"https:\/\/alitrans.biz\/en\/wp-json\/wp\/v2\/users\/1"}],"replies":[{"embeddable":true,"href":"https:\/\/alitrans.biz\/en\/wp-json\/wp\/v2\/comments?post=940"}],"version-history":[{"count":3,"href":"https:\/\/alitrans.biz\/en\/wp-json\/wp\/v2\/pages\/940\/revisions"}],"predecessor-version":[{"id":943,"href":"https:\/\/alitrans.biz\/en\/wp-json\/wp\/v2\/pages\/940\/revisions\/943"}],"wp:attachment":[{"href":"https:\/\/alitrans.biz\/en\/wp-json\/wp\/v2\/media?parent=940"}],"curies":[{"name":"wp","href":"https:\/\/api.w.org\/{rel}","templated":true}]}}