{"id":8,"date":"2016-08-17T10:26:26","date_gmt":"2016-08-17T10:26:26","guid":{"rendered":"https:\/\/wonderful-jepsen.95-174-9-183.plesk.page\/?page_id=8"},"modified":"2023-12-04T16:02:57","modified_gmt":"2023-12-04T16:02:57","slug":"la-societa","status":"publish","type":"page","link":"https:\/\/alitrans.biz\/en\/la-societa\/","title":{"rendered":"The Company"},"content":{"rendered":"<div class=\"vc_row wpb_row vc_row-fluid\"><div class=\"wpb_column vc_column_container vc_col-sm-6\"><div class=\"vc_column-inner\"><div class=\"wpb_wrapper\"><h3 style=\"font-size: 24px;color: #000000;text-align: left\" class=\"vc_custom_heading vc_custom_1682602533127\" >ABOUT US<\/h3><div class=\"vc_separator wpb_content_element vc_separator_align_center vc_sep_width_10 vc_sep_border_width_3 vc_sep_pos_align_left vc_separator_no_text vc_custom_1684765947660  vc_custom_1684765947660\" ><span class=\"vc_sep_holder vc_sep_holder_l\"><span  style=\"border-color:#1482d1;\" class=\"vc_sep_line\"><\/span><\/span><span class=\"vc_sep_holder vc_sep_holder_r\"><span  style=\"border-color:#1482d1;\" class=\"vc_sep_line\"><\/span><\/span>\n<\/div>\n\t<div class=\"wpb_text_column wpb_content_element\" >\n\t\t<div class=\"wpb_wrapper\">\n\t\t\t<p>Alitrans offers its customers a combination of reliability, speed, flexibility, cost effectiveness and custom-made services in logistics. For more 40 years, our company's operating philosophy has been on providing specialized, customer-specific logistics management services for companies operating in the petrolchimical sector.<\/p>\n<p><strong>ALITRANS<\/strong>\u00a0operates as<em>\"a logistics partner\"<\/em>working in close cooperation with its customers - producers or dealers - developing a seamless integration with their organization and allowing them to enjoy crucial competitive advantages in marketing and selling products to their client base.<\/p>\n<p>In addition ALITRANS offers to its customers comprehensive advice in a number of areas related to logistics such as: stock management, product distribution and administrative and fiscal issues.<\/p>\n\n\t\t<\/div>\n\t<\/div>\n<\/div><\/div><\/div><div class=\"wpb_column vc_column_container vc_col-sm-6\"><div class=\"vc_column-inner\"><div class=\"wpb_wrapper\">\n\t<div  class=\"wpb_single_image wpb_content_element vc_align_center  vc_custom_1682602728039\">\n\t\t\n\t\t<figure class=\"wpb_wrapper vc_figure\">\n\t\t\t<div class=\"vc_single_image-wrapper   vc_box_border_grey\"><img loading=\"lazy\" decoding=\"async\" width=\"435\" height=\"414\" src=\"https:\/\/alitrans.biz\/wp-content\/uploads\/2023\/04\/logo-40-Alitrans.png\" class=\"vc_single_image-img attachment-large\" alt=\"\" title=\"logo-40-Alitrans\" srcset=\"https:\/\/alitrans.biz\/wp-content\/uploads\/2023\/04\/logo-40-Alitrans.png 435w, https:\/\/alitrans.biz\/wp-content\/uploads\/2023\/04\/logo-40-Alitrans-300x286.png 300w\" sizes=\"(max-width: 435px) 100vw, 435px\" \/><\/div>\n\t\t<\/figure>\n\t<\/div>\n<\/div><\/div><\/div><\/div><div class=\"vc_row wpb_row vc_row-fluid vc_custom_1477028148315\"><div class=\"wpb_column vc_column_container vc_col-sm-6\"><div class=\"vc_column-inner\"><div class=\"wpb_wrapper\">\n\t<div  class=\"wpb_single_image wpb_content_element vc_align_left  vc_custom_1684923377398\">\n\t\t\n\t\t<figure class=\"wpb_wrapper vc_figure\">\n\t\t\t<div class=\"vc_single_image-wrapper   vc_box_border_grey\"><img loading=\"lazy\" decoding=\"async\" width=\"1024\" height=\"767\" src=\"https:\/\/alitrans.biz\/wp-content\/uploads\/2023\/05\/dji_fly_20230505_184100_417_1683313372285_photo-1-photoaidcom-darken-1024x767.jpg\" class=\"vc_single_image-img attachment-large\" alt=\"\" title=\"dji_fly_20230505_184100_417_1683313372285_photo (1)-photoaidcom-darken\" srcset=\"https:\/\/alitrans.biz\/wp-content\/uploads\/2023\/05\/dji_fly_20230505_184100_417_1683313372285_photo-1-photoaidcom-darken-1024x767.jpg 1024w, https:\/\/alitrans.biz\/wp-content\/uploads\/2023\/05\/dji_fly_20230505_184100_417_1683313372285_photo-1-photoaidcom-darken-300x225.jpg 300w, https:\/\/alitrans.biz\/wp-content\/uploads\/2023\/05\/dji_fly_20230505_184100_417_1683313372285_photo-1-photoaidcom-darken-768x576.jpg 768w, https:\/\/alitrans.biz\/wp-content\/uploads\/2023\/05\/dji_fly_20230505_184100_417_1683313372285_photo-1-photoaidcom-darken-1536x1151.jpg 1536w, https:\/\/alitrans.biz\/wp-content\/uploads\/2023\/05\/dji_fly_20230505_184100_417_1683313372285_photo-1-photoaidcom-darken.jpg 1920w\" sizes=\"(max-width: 1024px) 100vw, 1024px\" \/><\/div>\n\t\t<\/figure>\n\t<\/div>\n<\/div><\/div><\/div><div class=\"wpb_column vc_column_container vc_col-sm-6\"><div class=\"vc_column-inner\"><div class=\"wpb_wrapper\"><h3 style=\"font-size: 24px;color: #000000;text-align: left\" class=\"vc_custom_heading vc_custom_1682602758512\" >WHAT WE DO<\/h3><div class=\"vc_separator wpb_content_element vc_separator_align_center vc_sep_width_10 vc_sep_border_width_3 vc_sep_pos_align_left vc_separator_no_text vc_custom_1684765955497  vc_custom_1684765955497\" ><span class=\"vc_sep_holder vc_sep_holder_l\"><span  style=\"border-color:#1482d1;\" class=\"vc_sep_line\"><\/span><\/span><span class=\"vc_sep_holder vc_sep_holder_r\"><span  style=\"border-color:#1482d1;\" class=\"vc_sep_line\"><\/span><\/span>\n<\/div>\n\t<div class=\"wpb_text_column wpb_content_element\" >\n\t\t<div class=\"wpb_wrapper\">\n\t\t\t<p><strong>ALITRANS<\/strong>\u00a0was estabilished in 1979 and has developed specific expertise in a number of areas:<\/p>\n<ul>\n<li>Mineral oils and derivates for the automotive sector and commercial vehicles<\/li>\n<li>Industrial lubrificants and derivates for industrial and agricultural machinery<\/li>\n<li>Oils, lubrificants and fluids for miscellaneous applications<\/li>\n<li>Miscellaneous energy products and related<\/li>\n<li>Chemical products and accessories for automotive maintenance<\/li>\n<li>Cleaning and protecting products<\/li>\n<li>Raw material for industry<\/li>\n<li>Additives<\/li>\n<li>Other chemical products for industrial applications and ADRs<\/li>\n<\/ul>\n<p>With over 7.000 square meters of storage space ALITRANS can provide state-of-the-art product stocking and handling machinery, tailor-made I.T. solutions that allow optimal interface with its customers' platforms and experienced personnel, with highly specific skills in the field.<\/p>\n\n\t\t<\/div>\n\t<\/div>\n<\/div><\/div><\/div><\/div><div data-vc-full-width=\"true\" data-vc-full-width-init=\"false\" class=\"vc_row wpb_row vc_row-fluid gtbuilder-primary-bgcolor\"><div class=\"wpb_column vc_column_container vc_col-sm-12\"><div class=\"vc_column-inner vc_custom_1475488177638\"><div class=\"wpb_wrapper\"><div class=\"vc_empty_space\"   style=\"height: 30px\"><span class=\"vc_empty_space_inner\"><\/span><\/div><h3 style=\"font-size: 24px;color: #ffffff;text-align: left\" class=\"vc_custom_heading vc_custom_1684765835377\" >THE COMPANY AND INVESTMENTS<\/h3><div class=\"vc_separator wpb_content_element vc_separator_align_center vc_sep_width_10 vc_sep_border_width_3 vc_sep_pos_align_left vc_separator_no_text vc_custom_1684765930967  vc_custom_1684765930967\" ><span class=\"vc_sep_holder vc_sep_holder_l\"><span  style=\"border-color:#ffffff;\" class=\"vc_sep_line\"><\/span><\/span><span class=\"vc_sep_holder vc_sep_holder_r\"><span  style=\"border-color:#ffffff;\" class=\"vc_sep_line\"><\/span><\/span>\n<\/div><div class=\"vc_empty_space\"   style=\"height: 20px\"><span class=\"vc_empty_space_inner\"><\/span><\/div>\n\t<div class=\"wpb_text_column wpb_content_element\" >\n\t\t<div class=\"wpb_wrapper\">\n\t\t\t<p><span style=\"color: #ffffff;\"> Increasingly volatile market conditions require companies to minimize stocks and yet maintain the ability to respond to their customer request in a very fast and highly flexible manner.<strong>This required Tecnology<\/strong> and <strong>Security\/Safety<\/strong> standard to play an increasingly important role in a ever more complex logistics sector.<\/span><\/p>\n<p><span style=\"color: #ffffff;\">We have consistently upgraded our I.T. systems over the years, allowing ALITRANS to offer to its clients the highest quality of service, the most efficient and cost-effective<br \/>\nuse of our warehouse space and a smooth integration with their own logistics systems.<\/span><\/p>\n<p><span style=\"color: #ffffff;\">ALITRANS has committed substantial investments over the course of the year to the Safety (sprinkler system) and Security (surveillance and intrusion detection system) of its warehouses, premises and sorrounding areas.<br \/>\nWe have a state-of-art combined systems 24\/24 h 7\/7 d, which is 100% compliant with the latest, demanding sector regulations.<\/span><\/p>\n\n\t\t<\/div>\n\t<\/div>\n<div class=\"vc_empty_space\"   style=\"height: 30px\"><span class=\"vc_empty_space_inner\"><\/span><\/div><\/div><\/div><\/div><\/div><div class=\"vc_row-full-width vc_clearfix\"><\/div><div data-vc-full-width=\"true\" data-vc-full-width-init=\"false\" class=\"vc_row wpb_row vc_row-fluid vc_custom_1684766018204 vc_row-has-fill\"><div class=\"wpb_column vc_column_container vc_col-sm-6 vc_col-has-fill\"><div class=\"vc_column-inner vc_custom_1684765991799\"><div class=\"wpb_wrapper\"><h3 style=\"font-size: 24px;color: #000000;text-align: left\" class=\"vc_custom_heading vc_custom_1683886285487\" >QUALITY AND ENVIRONMENT<\/h3><div class=\"vc_separator wpb_content_element vc_separator_align_center vc_sep_width_10 vc_sep_border_width_3 vc_sep_pos_align_left vc_separator_no_text vc_custom_1684765964198  vc_custom_1684765964198\" ><span class=\"vc_sep_holder vc_sep_holder_l\"><span  style=\"border-color:#1482d1;\" class=\"vc_sep_line\"><\/span><\/span><span class=\"vc_sep_holder vc_sep_holder_r\"><span  style=\"border-color:#1482d1;\" class=\"vc_sep_line\"><\/span><\/span>\n<\/div>\n\t<div class=\"wpb_text_column wpb_content_element\" >\n\t\t<div class=\"wpb_wrapper\">\n\t\t\t<p>Our management system is certified by <a href=\"https:\/\/alitrans.biz\/wp-content\/uploads\/2023\/12\/CERT-ALITRANS-9001-cert-.pdf\">ISO 9001:2015 (Quality)<\/a>\u00a0|\u00a0<a href=\"https:\/\/alitrans.biz\/wp-content\/uploads\/2023\/12\/CERT-ALITRANS-14001-cert-.pdf\">ISO 14001:2015 (Ambientale).<\/a><\/p>\n<p>Our policies in respect of Quality and the Environment reflect the following principles:<\/p>\n<p>We are convinced that every employee can contribute to the continuous improvement of their job within the team; to make the activities simple and effective also through training sessions, meetings and exchanges of ideas. The goal is to obtain a good return from the company processes carried out by our staff, in order to optimize the performance.<br \/>\nPreserving safety, health and environment is our priority and therefore everyone can contribute respecting the rules defined but also providing suggestions.<\/p>\n<p>The primary objective of Alitrans is to use the Integrated Quality and Environmental Management System as a management tool for all of the organization's processes in order to meet the needs and expectations of Clients and identified Stakeholders and to achieve and maintain, through the provision of its services, a primary reputation for quality and respect for the environment.<\/p>\n<p>In this regard, Alitrans is convinced that the activity key point is the competence and the motivation of the staff. For this reason, we believe that the success of our business cannot be separated from a real involment of all staff, who must feel as a decisive part of the results obtained and work in a favorable climate.<\/p>\n\n\t\t<\/div>\n\t<\/div>\n<\/div><\/div><\/div><div class=\"wpb_column vc_column_container vc_col-sm-6\"><div class=\"vc_column-inner\"><div class=\"wpb_wrapper\"><div class=\"vc_empty_space\"   style=\"height: 32px\"><span class=\"vc_empty_space_inner\"><\/span><\/div>\n\t<div class=\"wpb_text_column wpb_content_element\" >\n\t\t<div class=\"wpb_wrapper\">\n\t\t\t<p>To achieve these objectives, Alitrans intends to follow  this policy:<\/p>\n<ul>\n<li>acquisition of the new skills required<\/li>\n<li>consolidation of historical customers and expansion towards new customers<\/li>\n<li>providing services that comply with the customers' requirements, regulations and legislation in force<\/li>\n<li>ensuring that the company complies with the requirements for environmental protection<\/li>\n<li>pursuing continuous improvement of its environmental performance<\/li>\n<li>preventing accidents that may have direct or indirect consequences on the environment, by enstabilishing appropriate emergency management procedures aimed at an effective prompt containment of impacts, also in co-operation with the relevant bodies<\/li>\n<li>optimizing the use of energy resources, by monitoring consumption and through preventive maintenance of plants and equipment<\/li>\n<li>adaptation of its infrastructures to new business needs arising from the context<\/li>\n<li>continuous improvement of service and its own performance.<\/li>\n<\/ul>\n<p>Economic performance and commitment remain prerogatives of the Company in order to rely on the liquidity needed to meet the needs of its stakeholders, but also a fundamental prerequisite so that choices for improvement, consolidation and expansion can be supported.<\/p>\n\n\t\t<\/div>\n\t<\/div>\n<\/div><\/div><\/div><\/div><div class=\"vc_row-full-width vc_clearfix\"><\/div><div data-vc-full-width=\"true\" data-vc-full-width-init=\"false\" class=\"vc_row wpb_row vc_row-fluid gtbuilder-primary-bgcolor\"><div class=\"wpb_column vc_column_container vc_col-sm-12\"><div class=\"vc_column-inner vc_custom_1475488177638\"><div class=\"wpb_wrapper\"><div class=\"call-to-action-area\" style=\"padding: 40px 0;\">\n    <div class=\"row\">\n        <div class=\"col-sm-8 col-md-9 col-xs-12\">\n            <div class=\"slider-bottom-text\">\n                <p>Warehousing and logistics in petrochemical industry<\/p>\n            <\/div>\n        <\/div>\n        <div class=\"col-sm-4 col-md-3 col-xs-12\">\n            <div class=\"slider-bottom\">\n                <a class=\"btn btn-default btn-lg\" href=\"https:\/\/alitrans.biz\/contatti\/\">Contact us<\/a>\n            <\/div>\n        <\/div>\n    <\/div>\n<\/div> <\/div><\/div><\/div><\/div><div class=\"vc_row-full-width vc_clearfix\"><\/div>","protected":false},"excerpt":{"rendered":"CHI SIAMO Nell\u2019ambito della terziarizzazione della attivit\u00e0 logistica di impresa, ALITRANS \u00e8 in grado di offrire vantaggi operativi in termini affidabilit\u00e0, rapidit\u00e0, flessibilit\u00e0, economicit\u00e0 e personalizzazione dei servizi. Da oltre 40 anni, la filosofia operativa della nostra societ\u00e0 si basa su specializzazione e offerta di servizi studiati su misura per la logistica di prodotti confezionati [...]","protected":false},"author":1,"featured_media":0,"parent":0,"menu_order":0,"comment_status":"closed","ping_status":"closed","template":"","meta":{"footnotes":""},"class_list":["post-8","page","type-page","status-publish","hentry"],"yoast_head":"<!-- This site is optimized with the Yoast SEO plugin v20.8 - https:\/\/yoast.com\/wordpress\/plugins\/seo\/ -->\n<title>La societ\u00e0 - Alitrans Logistic &amp; Warehousing<\/title>\n<meta name=\"robots\" content=\"index, follow, max-snippet:-1, max-image-preview:large, max-video-preview:-1\" \/>\n<link rel=\"canonical\" href=\"https:\/\/alitrans.biz\/en\/la-societa\/\" \/>\n<meta property=\"og:locale\" content=\"en_GB\" \/>\n<meta property=\"og:type\" content=\"article\" \/>\n<meta property=\"og:title\" content=\"La societ\u00e0 - Alitrans Logistic &amp; Warehousing\" \/>\n<meta property=\"og:url\" content=\"https:\/\/alitrans.biz\/en\/la-societa\/\" \/>\n<meta property=\"og:site_name\" content=\"Alitrans Logistic &amp; Warehousing\" \/>\n<meta property=\"article:modified_time\" content=\"2023-12-04T16:02:57+00:00\" \/>\n<meta name=\"twitter:card\" content=\"summary_large_image\" \/>\n<meta name=\"twitter:label1\" content=\"Estimated reading time\" \/>\n\t<meta name=\"twitter:data1\" content=\"5 minutes\" \/>\n<script type=\"application\/ld+json\" class=\"yoast-schema-graph\">{\"@context\":\"https:\/\/schema.org\",\"@graph\":[{\"@type\":\"WebPage\",\"@id\":\"https:\/\/alitrans.biz\/la-societa\/\",\"url\":\"https:\/\/alitrans.biz\/la-societa\/\",\"name\":\"La societ\u00e0 - Alitrans Logistic &amp; Warehousing\",\"isPartOf\":{\"@id\":\"https:\/\/alitrans.biz\/#website\"},\"datePublished\":\"2016-08-17T10:26:26+00:00\",\"dateModified\":\"2023-12-04T16:02:57+00:00\",\"breadcrumb\":{\"@id\":\"https:\/\/alitrans.biz\/la-societa\/#breadcrumb\"},\"inLanguage\":\"en-GB\",\"potentialAction\":[{\"@type\":\"ReadAction\",\"target\":[\"https:\/\/alitrans.biz\/la-societa\/\"]}]},{\"@type\":\"BreadcrumbList\",\"@id\":\"https:\/\/alitrans.biz\/la-societa\/#breadcrumb\",\"itemListElement\":[{\"@type\":\"ListItem\",\"position\":1,\"name\":\"Home\",\"item\":\"https:\/\/alitrans.biz\/\"},{\"@type\":\"ListItem\",\"position\":2,\"name\":\"La societ\u00e0\"}]},{\"@type\":\"WebSite\",\"@id\":\"https:\/\/alitrans.biz\/#website\",\"url\":\"https:\/\/alitrans.biz\/\",\"name\":\"Alitrans Logistic &amp; Warehousing\",\"description\":\"Attivit\u00e0 di stoccaggio e gestione del magazzino nel settore petrolchimico\",\"potentialAction\":[{\"@type\":\"SearchAction\",\"target\":{\"@type\":\"EntryPoint\",\"urlTemplate\":\"https:\/\/alitrans.biz\/?s={search_term_string}\"},\"query-input\":\"required name=search_term_string\"}],\"inLanguage\":\"en-GB\"}]}<\/script>\n<!-- \/ Yoast SEO plugin. -->","yoast_head_json":{"title":"La societ\u00e0 - Alitrans Logistic &amp; Warehousing","robots":{"index":"index","follow":"follow","max-snippet":"max-snippet:-1","max-image-preview":"max-image-preview:large","max-video-preview":"max-video-preview:-1"},"canonical":"https:\/\/alitrans.biz\/en\/la-societa\/","og_locale":"en_GB","og_type":"article","og_title":"La societ\u00e0 - Alitrans Logistic &amp; Warehousing","og_url":"https:\/\/alitrans.biz\/en\/la-societa\/","og_site_name":"Alitrans Logistic &amp; Warehousing","article_modified_time":"2023-12-04T16:02:57+00:00","twitter_card":"summary_large_image","twitter_misc":{"Estimated reading time":"5 minutes"},"schema":{"@context":"https:\/\/schema.org","@graph":[{"@type":"WebPage","@id":"https:\/\/alitrans.biz\/la-societa\/","url":"https:\/\/alitrans.biz\/la-societa\/","name":"La societ\u00e0 - Alitrans Logistic &amp; Warehousing","isPartOf":{"@id":"https:\/\/alitrans.biz\/#website"},"datePublished":"2016-08-17T10:26:26+00:00","dateModified":"2023-12-04T16:02:57+00:00","breadcrumb":{"@id":"https:\/\/alitrans.biz\/la-societa\/#breadcrumb"},"inLanguage":"en-GB","potentialAction":[{"@type":"ReadAction","target":["https:\/\/alitrans.biz\/la-societa\/"]}]},{"@type":"BreadcrumbList","@id":"https:\/\/alitrans.biz\/la-societa\/#breadcrumb","itemListElement":[{"@type":"ListItem","position":1,"name":"Home","item":"https:\/\/alitrans.biz\/"},{"@type":"ListItem","position":2,"name":"La societ\u00e0"}]},{"@type":"WebSite","@id":"https:\/\/alitrans.biz\/#website","url":"https:\/\/alitrans.biz\/","name":"Alitrans Logistic &amp; Warehousing","description":"Attivit\u00e0 di stoccaggio e gestione del magazzino nel settore petrolchimico","potentialAction":[{"@type":"SearchAction","target":{"@type":"EntryPoint","urlTemplate":"https:\/\/alitrans.biz\/?s={search_term_string}"},"query-input":"required name=search_term_string"}],"inLanguage":"en-GB"}]}},"_links":{"self":[{"href":"https:\/\/alitrans.biz\/en\/wp-json\/wp\/v2\/pages\/8"}],"collection":[{"href":"https:\/\/alitrans.biz\/en\/wp-json\/wp\/v2\/pages"}],"about":[{"href":"https:\/\/alitrans.biz\/en\/wp-json\/wp\/v2\/types\/page"}],"author":[{"embeddable":true,"href":"https:\/\/alitrans.biz\/en\/wp-json\/wp\/v2\/users\/1"}],"replies":[{"embeddable":true,"href":"https:\/\/alitrans.biz\/en\/wp-json\/wp\/v2\/comments?post=8"}],"version-history":[{"count":25,"href":"https:\/\/alitrans.biz\/en\/wp-json\/wp\/v2\/pages\/8\/revisions"}],"predecessor-version":[{"id":1103,"href":"https:\/\/alitrans.biz\/en\/wp-json\/wp\/v2\/pages\/8\/revisions\/1103"}],"wp:attachment":[{"href":"https:\/\/alitrans.biz\/en\/wp-json\/wp\/v2\/media?parent=8"}],"curies":[{"name":"wp","href":"https:\/\/api.w.org\/{rel}","templated":true}]}}